{"id":1275,"date":"2023-10-23T12:01:39","date_gmt":"2023-10-23T12:01:39","guid":{"rendered":"https:\/\/myclientwebsite.com\/ixiaro\/safety-information\/"},"modified":"2025-11-10T11:39:35","modified_gmt":"2025-11-10T11:39:35","slug":"renseignements-sur-linnocuite","status":"publish","type":"page","link":"https:\/\/ixiarohcp.ca\/fr\/renseignements-sur-linnocuite\/","title":{"rendered":"Renseignements sur l\u2019innocuit\u00e9"},"content":{"rendered":"\t\t<div data-elementor-type=\"wp-page\" data-elementor-id=\"1275\" class=\"elementor elementor-1275 elementor-384\">\n\t\t\t\t<div class=\"elementor-element elementor-element-81bd5a3 e-flex e-con-boxed e-con e-parent\" data-id=\"81bd5a3\" data-element_type=\"container\">\n\t\t\t\t\t<div class=\"e-con-inner\">\n\t\t\t\t<div class=\"elementor-element elementor-element-e70cf00 elementor-widget elementor-widget-heading\" data-id=\"e70cf00\" data-element_type=\"widget\" data-widget_type=\"heading.default\">\n\t\t\t\t<div class=\"elementor-widget-container\">\n\t\t\t\t\t<h2 class=\"elementor-heading-title elementor-size-default\">Renseignements sur l\u2019innocuit\u00e9 <\/h2>\t\t\t\t<\/div>\n\t\t\t\t<\/div>\n\t\t\t\t<div class=\"elementor-element elementor-element-e7ec9ee elementor-widget elementor-widget-heading\" data-id=\"e7ec9ee\" data-element_type=\"widget\" data-widget_type=\"heading.default\">\n\t\t\t\t<div class=\"elementor-widget-container\">\n\t\t\t\t\t<h3 class=\"elementor-heading-title elementor-size-default\"><u>Contre-indications<\/u> :<\/h3>\t\t\t\t<\/div>\n\t\t\t\t<\/div>\n\t\t\t\t<div class=\"elementor-element elementor-element-0d74800 elementor-widget elementor-widget-text-editor\" data-id=\"0d74800\" data-element_type=\"widget\" data-widget_type=\"text-editor.default\">\n\t\t\t\t<div class=\"elementor-widget-container\">\n\t\t\t\t\t\t\t\t\t<ul class=\"ul\">\n \t<li>Patients hypersensibles \u00e0 ce vaccin ou \u00e0 l&rsquo;un des ingr\u00e9dients pr\u00e9sents dans la formulation ou \u00e0 un composant du r\u00e9cipient. Pour obtenir une liste compl\u00e8te, consulter la partie \u00ab\u00a0Formes posologiques, composition et conditionnement\u00a0\u00bb de la monographie de produit.<\/li>\n \t<li>Ne pas administrer la deuxi\u00e8me dose aux personnes qui ont pr\u00e9sent\u00e9 une r\u00e9action d\u2019hypersensibilit\u00e9 \u00e0 la premi\u00e8re dose.<\/li>\n \t<li>Reporter la vaccination avec IXIARO<sup>\u00ae<\/sup> chez les personnes pr\u00e9sentant un \u00e9tat f\u00e9brile aigu et s\u00e9v\u00e8re.<\/li>\n<\/ul>\t\t\t\t\t\t\t\t<\/div>\n\t\t\t\t<\/div>\n\t\t\t\t<div class=\"elementor-element elementor-element-4fd37cb elementor-widget elementor-widget-heading\" data-id=\"4fd37cb\" data-element_type=\"widget\" data-widget_type=\"heading.default\">\n\t\t\t\t<div class=\"elementor-widget-container\">\n\t\t\t\t\t<h3 class=\"elementor-heading-title elementor-size-default\"><u>Mises en garde et pr\u00e9cautions les plus importantes<\/u> :<\/h3>\t\t\t\t<\/div>\n\t\t\t\t<\/div>\n\t\t\t\t<div class=\"elementor-element elementor-element-dc4e8b4 elementor-widget elementor-widget-text-editor\" data-id=\"dc4e8b4\" data-element_type=\"widget\" data-widget_type=\"text-editor.default\">\n\t\t\t\t<div class=\"elementor-widget-container\">\n\t\t\t\t\t\t\t\t\tUn traitement m\u00e9dical et une supervision appropri\u00e9s devraient toujours \u00eatre disponibles pour traiter les rares cas de r\u00e9actions anaphylactiques suivant l\u2019administration du vaccin.\t\t\t\t\t\t\t\t<\/div>\n\t\t\t\t<\/div>\n\t\t\t\t<div class=\"elementor-element elementor-element-12c2d1a elementor-widget elementor-widget-text-editor\" data-id=\"12c2d1a\" data-element_type=\"widget\" data-widget_type=\"text-editor.default\">\n\t\t\t\t<div class=\"elementor-widget-container\">\n\t\t\t\t\t\t\t\t\t<ul class=\"ul\">\n \t<li><strong>Pour injection intramusculaire seulement\u00a0: <\/strong>IXIARO<sup>\u00ae<\/sup> NE DOIT EN AUCUN CAS \u00caTRE ADMINISTR\u00c9 PAR VOIE INTRAVASCULAIRE.<\/li>\n \t<li><strong>Troubles h\u00e9morragiques\u00a0: <\/strong>IXIARO<sup>\u00ae<\/sup> ne doit pas \u00eatre administr\u00e9 aux personnes souffrant de thrombop\u00e9nie, d\u2019h\u00e9mophilie ou d\u2019autres troubles de la coagulation.<\/li>\n<\/ul>\t\t\t\t\t\t\t\t<\/div>\n\t\t\t\t<\/div>\n\t\t\t\t<div class=\"elementor-element elementor-element-1ccb8b9 elementor-widget elementor-widget-heading\" data-id=\"1ccb8b9\" data-element_type=\"widget\" data-widget_type=\"heading.default\">\n\t\t\t\t<div class=\"elementor-widget-container\">\n\t\t\t\t\t<h3 class=\"elementor-heading-title elementor-size-default\"><u>Autres mises en garde et pr\u00e9cautions pertinentes<\/u> :<\/h3>\t\t\t\t<\/div>\n\t\t\t\t<\/div>\n\t\t\t\t<div class=\"elementor-element elementor-element-1d55352 elementor-widget elementor-widget-text-editor\" data-id=\"1d55352\" data-element_type=\"widget\" data-widget_type=\"text-editor.default\">\n\t\t\t\t<div class=\"elementor-widget-container\">\n\t\t\t\t\t\t\t\t\t<ul class=\"ul\"><li><strong>Femmes enceintes\u00a0: <\/strong>L\u2019utilisation d\u2019IXIARO<sup>\u00ae<\/sup> pendant la grossesse ou l\u2019allaitement devrait \u00eatre \u00e9vit\u00e9e.<\/li><li><strong>Femmes qui allaitent\u00a0: <\/strong>IXIARO<sup>\u00ae<\/sup> doit \u00eatre administr\u00e9 \u00e0 une femme qui allaite seulement si les bienfaits l\u2019emportent sur les risques th\u00e9oriques pour la m\u00e8re et l\u2019enfant. On ne sait pas si IXIARO<sup>\u00ae<\/sup> passe dans le lait maternel.<\/li><li><strong>Personnes \u00e2g\u00e9es (adultes de \u2265\u00a065\u00a0ans)\u00a0: <\/strong>L\u2019innocuit\u00e9 et l&rsquo;immunog\u00e9nicit\u00e9 d&rsquo;IXIARO<sup>\u00ae<\/sup> ont \u00e9t\u00e9 \u00e9valu\u00e9es chez des personnes \u00e2g\u00e9es (\u2265\u00a065\u00a0ans). Comme c&rsquo;est le cas pour de nombreux vaccins, la r\u00e9ponse immunitaire \u00e0 IXIARO<sup>\u00ae<\/sup> est plus faible chez les personnes \u00e2g\u00e9es (\u2265 65 ans) que chez les jeunes adultes. La dur\u00e9e de la protection est incertaine chez les personnes \u00e2g\u00e9es; une dose de rappel (troisi\u00e8me dose) doit donc \u00eatre envisag\u00e9e avant toute exposition ult\u00e9rieure au virus de l\u2019enc\u00e9phalite japonaise.<\/li><li><strong>Personnes immunod\u00e9prim\u00e9es\u00a0: <\/strong>Chez les patients recevant un traitement immunosuppresseur ou pr\u00e9sentant une immunod\u00e9ficience, la r\u00e9ponse immunitaire ad\u00e9quate peut \u00eatre r\u00e9duite<\/li><\/ul>\t\t\t\t\t\t\t\t<\/div>\n\t\t\t\t<\/div>\n\t\t\t\t<div class=\"elementor-element elementor-element-1381f7a elementor-widget elementor-widget-heading\" data-id=\"1381f7a\" data-element_type=\"widget\" data-widget_type=\"heading.default\">\n\t\t\t\t<div class=\"elementor-widget-container\">\n\t\t\t\t\t<h3 class=\"elementor-heading-title elementor-size-default\"><u>Pour de plus amples renseignements<\/u> :<\/h3>\t\t\t\t<\/div>\n\t\t\t\t<\/div>\n\t\t\t\t<div class=\"elementor-element elementor-element-d8d418f elementor-widget elementor-widget-text-editor\" data-id=\"d8d418f\" data-element_type=\"widget\" data-widget_type=\"text-editor.default\">\n\t\t\t\t<div class=\"elementor-widget-container\">\n\t\t\t\t\t\t\t\t\tVeuillez consulter la <a href=\"https:\/\/pdf.hres.ca\/dpd_pm\/00044928.PDF\" target=\"_blank\" rel=\"noopener\">monographie d\u2019IXIARO\u00ae<\/a> \u00a0pour obtenir des renseignements importants sur les effets ind\u00e9sirables et la posologie qui ne figurent pas dans le pr\u00e9sent document. Vous pouvez aussi vous procurer la monographie en composant le 1-855-356-0831. \t\t\t\t\t\t\t\t<\/div>\n\t\t\t\t<\/div>\n\t\t\t\t<div class=\"elementor-element elementor-element-d8b761e elementor-hidden-desktop elementor-hidden-tablet elementor-hidden-mobile elementor-widget elementor-widget-heading\" data-id=\"d8b761e\" data-element_type=\"widget\" data-widget_type=\"heading.default\">\n\t\t\t\t<div class=\"elementor-widget-container\">\n\t\t\t\t\t<span class=\"elementor-heading-title elementor-size-default\">VALNEVA Canada Inc..<br>\n3535, boul. Saint-Charles, bureau 600<br>\nKirkland (Qu\u00e9bec) H9H 5B9<\/span>\t\t\t\t<\/div>\n\t\t\t\t<\/div>\n\t\t\t\t<div class=\"elementor-element elementor-element-29f0982 elementor-hidden-desktop elementor-hidden-tablet elementor-hidden-mobile elementor-widget elementor-widget-heading\" data-id=\"29f0982\" data-element_type=\"widget\" data-widget_type=\"heading.default\">\n\t\t\t\t<div class=\"elementor-widget-container\">\n\t\t\t\t\t<span class=\"elementor-heading-title elementor-size-default\">Kirkland (Qu\u00e9bec) H9H 5B9.<br>\nMarques de commerce utilis\u00e9es sous licence.\n\n<\/span>\t\t\t\t<\/div>\n\t\t\t\t<\/div>\n\t\t\t\t<div class=\"elementor-element elementor-element-f9bde4a elementor-hidden-desktop elementor-hidden-tablet elementor-hidden-mobile elementor-widget elementor-widget-image\" data-id=\"f9bde4a\" data-element_type=\"widget\" data-widget_type=\"image.default\">\n\t\t\t\t<div class=\"elementor-widget-container\">\n\t\t\t\t\t\t\t\t\t\t\t\t\t\t\t<img fetchpriority=\"high\" decoding=\"async\" width=\"918\" height=\"244\" src=\"https:\/\/ixiarohcp.ca\/wp-content\/uploads\/2023\/11\/Valneva_TH-Logo_FR.png\" class=\"attachment-full size-full wp-image-1885\" alt=\"\" srcset=\"https:\/\/ixiarohcp.ca\/wp-content\/uploads\/2023\/11\/Valneva_TH-Logo_FR.png 918w, https:\/\/ixiarohcp.ca\/wp-content\/uploads\/2023\/11\/Valneva_TH-Logo_FR-300x80.png 300w, https:\/\/ixiarohcp.ca\/wp-content\/uploads\/2023\/11\/Valneva_TH-Logo_FR-768x204.png 768w\" sizes=\"(max-width: 918px) 100vw, 918px\" \/>\t\t\t\t\t\t\t\t\t\t\t\t\t\t\t<\/div>\n\t\t\t\t<\/div>\n\t\t\t\t<div class=\"elementor-element elementor-element-48a8335 elementor-hidden-desktop elementor-hidden-tablet elementor-hidden-mobile elementor-widget elementor-widget-image\" data-id=\"48a8335\" data-element_type=\"widget\" data-widget_type=\"image.default\">\n\t\t\t\t<div class=\"elementor-widget-container\">\n\t\t\t\t\t\t\t\t\t\t\t\t\t\t\t<img decoding=\"async\" width=\"418\" height=\"153\" src=\"https:\/\/ixiarohcp.ca\/wp-content\/uploads\/2023\/10\/ccpp-logo.png\" class=\"attachment-full size-full wp-image-1439\" alt=\"\" srcset=\"https:\/\/ixiarohcp.ca\/wp-content\/uploads\/2023\/10\/ccpp-logo.png 418w, https:\/\/ixiarohcp.ca\/wp-content\/uploads\/2023\/10\/ccpp-logo-300x110.png 300w\" sizes=\"(max-width: 418px) 100vw, 418px\" \/>\t\t\t\t\t\t\t\t\t\t\t\t\t\t\t<\/div>\n\t\t\t\t<\/div>\n\t\t\t\t\t<\/div>\n\t\t\t\t<\/div>\n\t\t\t\t<\/div>\n\t\t","protected":false},"excerpt":{"rendered":"<p>Renseignements sur l\u2019innocuit\u00e9 Contre-indications : Patients hypersensibles \u00e0 ce vaccin ou \u00e0 l&rsquo;un des ingr\u00e9dients pr\u00e9sents dans la formulation ou \u00e0 un composant du r\u00e9cipient. Pour obtenir une liste compl\u00e8te, consulter la partie \u00ab\u00a0Formes posologiques, composition et conditionnement\u00a0\u00bb de la monographie de produit. Ne pas administrer la deuxi\u00e8me dose aux personnes qui ont pr\u00e9sent\u00e9 une [&hellip;]<\/p>\n","protected":false},"author":1,"featured_media":0,"parent":0,"menu_order":0,"comment_status":"closed","ping_status":"closed","template":"elementor_header_footer","meta":{"footnotes":""},"class_list":["post-1275","page","type-page","status-publish","hentry"],"yoast_head":"<!-- This site is optimized with the Yoast SEO plugin v26.7 - https:\/\/yoast.com\/wordpress\/plugins\/seo\/ -->\n<title>Renseignements sur l\u2019innocuit\u00e9 - IXIARO JAPANESE ENCEPHALITIS VALNEVA<\/title>\n<meta name=\"robots\" content=\"index, follow, max-snippet:-1, max-image-preview:large, max-video-preview:-1\" \/>\n<link rel=\"canonical\" href=\"https:\/\/ixiarohcp.ca\/fr\/renseignements-sur-linnocuite\/\" \/>\n<meta property=\"og:locale\" content=\"fr_FR\" \/>\n<meta property=\"og:type\" content=\"article\" \/>\n<meta property=\"og:title\" content=\"Renseignements sur l\u2019innocuit\u00e9 - IXIARO JAPANESE ENCEPHALITIS VALNEVA\" \/>\n<meta property=\"og:description\" content=\"Renseignements sur l\u2019innocuit\u00e9 Contre-indications : Patients hypersensibles \u00e0 ce vaccin ou \u00e0 l&rsquo;un des ingr\u00e9dients pr\u00e9sents dans la formulation ou \u00e0 un composant du r\u00e9cipient. Pour obtenir une liste compl\u00e8te, consulter la partie \u00ab\u00a0Formes posologiques, composition et conditionnement\u00a0\u00bb de la monographie de produit. Ne pas administrer la deuxi\u00e8me dose aux personnes qui ont pr\u00e9sent\u00e9 une [&hellip;]\" \/>\n<meta property=\"og:url\" content=\"https:\/\/ixiarohcp.ca\/fr\/renseignements-sur-linnocuite\/\" \/>\n<meta property=\"og:site_name\" content=\"IXIARO JAPANESE ENCEPHALITIS VALNEVA\" \/>\n<meta property=\"article:modified_time\" content=\"2025-11-10T11:39:35+00:00\" \/>\n<meta property=\"og:image\" content=\"https:\/\/ixiarohcp.ca\/wp-content\/uploads\/2023\/11\/Valneva_TH-Logo_FR.png\" \/>\n\t<meta property=\"og:image:width\" content=\"918\" \/>\n\t<meta property=\"og:image:height\" content=\"244\" \/>\n\t<meta property=\"og:image:type\" content=\"image\/png\" \/>\n<meta name=\"twitter:card\" content=\"summary_large_image\" \/>\n<meta name=\"twitter:label1\" content=\"Dur\u00e9e de lecture estim\u00e9e\" \/>\n\t<meta name=\"twitter:data1\" content=\"2 minutes\" \/>\n<script type=\"application\/ld+json\" class=\"yoast-schema-graph\">{\"@context\":\"https:\/\/schema.org\",\"@graph\":[{\"@type\":\"WebPage\",\"@id\":\"https:\/\/ixiarohcp.ca\/fr\/renseignements-sur-linnocuite\/\",\"url\":\"https:\/\/ixiarohcp.ca\/fr\/renseignements-sur-linnocuite\/\",\"name\":\"Renseignements sur l\u2019innocuit\u00e9 - IXIARO JAPANESE ENCEPHALITIS VALNEVA\",\"isPartOf\":{\"@id\":\"https:\/\/ixiarohcp.ca\/fr\/#website\"},\"primaryImageOfPage\":{\"@id\":\"https:\/\/ixiarohcp.ca\/fr\/renseignements-sur-linnocuite\/#primaryimage\"},\"image\":{\"@id\":\"https:\/\/ixiarohcp.ca\/fr\/renseignements-sur-linnocuite\/#primaryimage\"},\"thumbnailUrl\":\"https:\/\/ixiarohcp.ca\/wp-content\/uploads\/2023\/11\/Valneva_TH-Logo_FR.png\",\"datePublished\":\"2023-10-23T12:01:39+00:00\",\"dateModified\":\"2025-11-10T11:39:35+00:00\",\"breadcrumb\":{\"@id\":\"https:\/\/ixiarohcp.ca\/fr\/renseignements-sur-linnocuite\/#breadcrumb\"},\"inLanguage\":\"fr-FR\",\"potentialAction\":[{\"@type\":\"ReadAction\",\"target\":[\"https:\/\/ixiarohcp.ca\/fr\/renseignements-sur-linnocuite\/\"]}]},{\"@type\":\"ImageObject\",\"inLanguage\":\"fr-FR\",\"@id\":\"https:\/\/ixiarohcp.ca\/fr\/renseignements-sur-linnocuite\/#primaryimage\",\"url\":\"https:\/\/ixiarohcp.ca\/wp-content\/uploads\/2023\/11\/Valneva_TH-Logo_FR.png\",\"contentUrl\":\"https:\/\/ixiarohcp.ca\/wp-content\/uploads\/2023\/11\/Valneva_TH-Logo_FR.png\"},{\"@type\":\"BreadcrumbList\",\"@id\":\"https:\/\/ixiarohcp.ca\/fr\/renseignements-sur-linnocuite\/#breadcrumb\",\"itemListElement\":[{\"@type\":\"ListItem\",\"position\":1,\"name\":\"Home\",\"item\":\"https:\/\/ixiarohcp.ca\/fr\/accueil\/\"},{\"@type\":\"ListItem\",\"position\":2,\"name\":\"Renseignements sur l\u2019innocuit\u00e9\"}]},{\"@type\":\"WebSite\",\"@id\":\"https:\/\/ixiarohcp.ca\/fr\/#website\",\"url\":\"https:\/\/ixiarohcp.ca\/fr\/\",\"name\":\"IXIARO JAPANESE ENCEPHALITIS VALNEVA\",\"description\":\"\",\"publisher\":{\"@id\":\"https:\/\/ixiarohcp.ca\/fr\/#organization\"},\"potentialAction\":[{\"@type\":\"SearchAction\",\"target\":{\"@type\":\"EntryPoint\",\"urlTemplate\":\"https:\/\/ixiarohcp.ca\/fr\/?s={search_term_string}\"},\"query-input\":{\"@type\":\"PropertyValueSpecification\",\"valueRequired\":true,\"valueName\":\"search_term_string\"}}],\"inLanguage\":\"fr-FR\"},{\"@type\":\"Organization\",\"@id\":\"https:\/\/ixiarohcp.ca\/fr\/#organization\",\"name\":\"IXIARO JAPANESE ENCEPHALITIS VALNEVA\",\"url\":\"https:\/\/ixiarohcp.ca\/fr\/\",\"logo\":{\"@type\":\"ImageObject\",\"inLanguage\":\"fr-FR\",\"@id\":\"https:\/\/ixiarohcp.ca\/fr\/#\/schema\/logo\/image\/\",\"url\":\"https:\/\/ixiarohcp.ca\/wp-content\/uploads\/2023\/10\/logo.png\",\"contentUrl\":\"https:\/\/ixiarohcp.ca\/wp-content\/uploads\/2023\/10\/logo.png\",\"width\":403,\"height\":121,\"caption\":\"IXIARO JAPANESE ENCEPHALITIS VALNEVA\"},\"image\":{\"@id\":\"https:\/\/ixiarohcp.ca\/fr\/#\/schema\/logo\/image\/\"}}]}<\/script>\n<!-- \/ Yoast SEO plugin. -->","yoast_head_json":{"title":"Renseignements sur l\u2019innocuit\u00e9 - IXIARO JAPANESE ENCEPHALITIS VALNEVA","robots":{"index":"index","follow":"follow","max-snippet":"max-snippet:-1","max-image-preview":"max-image-preview:large","max-video-preview":"max-video-preview:-1"},"canonical":"https:\/\/ixiarohcp.ca\/fr\/renseignements-sur-linnocuite\/","og_locale":"fr_FR","og_type":"article","og_title":"Renseignements sur l\u2019innocuit\u00e9 - IXIARO JAPANESE ENCEPHALITIS VALNEVA","og_description":"Renseignements sur l\u2019innocuit\u00e9 Contre-indications : Patients hypersensibles \u00e0 ce vaccin ou \u00e0 l&rsquo;un des ingr\u00e9dients pr\u00e9sents dans la formulation ou \u00e0 un composant du r\u00e9cipient. Pour obtenir une liste compl\u00e8te, consulter la partie \u00ab\u00a0Formes posologiques, composition et conditionnement\u00a0\u00bb de la monographie de produit. Ne pas administrer la deuxi\u00e8me dose aux personnes qui ont pr\u00e9sent\u00e9 une [&hellip;]","og_url":"https:\/\/ixiarohcp.ca\/fr\/renseignements-sur-linnocuite\/","og_site_name":"IXIARO JAPANESE ENCEPHALITIS VALNEVA","article_modified_time":"2025-11-10T11:39:35+00:00","og_image":[{"width":918,"height":244,"url":"https:\/\/ixiarohcp.ca\/wp-content\/uploads\/2023\/11\/Valneva_TH-Logo_FR.png","type":"image\/png"}],"twitter_card":"summary_large_image","twitter_misc":{"Dur\u00e9e de lecture estim\u00e9e":"2 minutes"},"schema":{"@context":"https:\/\/schema.org","@graph":[{"@type":"WebPage","@id":"https:\/\/ixiarohcp.ca\/fr\/renseignements-sur-linnocuite\/","url":"https:\/\/ixiarohcp.ca\/fr\/renseignements-sur-linnocuite\/","name":"Renseignements sur l\u2019innocuit\u00e9 - IXIARO JAPANESE ENCEPHALITIS VALNEVA","isPartOf":{"@id":"https:\/\/ixiarohcp.ca\/fr\/#website"},"primaryImageOfPage":{"@id":"https:\/\/ixiarohcp.ca\/fr\/renseignements-sur-linnocuite\/#primaryimage"},"image":{"@id":"https:\/\/ixiarohcp.ca\/fr\/renseignements-sur-linnocuite\/#primaryimage"},"thumbnailUrl":"https:\/\/ixiarohcp.ca\/wp-content\/uploads\/2023\/11\/Valneva_TH-Logo_FR.png","datePublished":"2023-10-23T12:01:39+00:00","dateModified":"2025-11-10T11:39:35+00:00","breadcrumb":{"@id":"https:\/\/ixiarohcp.ca\/fr\/renseignements-sur-linnocuite\/#breadcrumb"},"inLanguage":"fr-FR","potentialAction":[{"@type":"ReadAction","target":["https:\/\/ixiarohcp.ca\/fr\/renseignements-sur-linnocuite\/"]}]},{"@type":"ImageObject","inLanguage":"fr-FR","@id":"https:\/\/ixiarohcp.ca\/fr\/renseignements-sur-linnocuite\/#primaryimage","url":"https:\/\/ixiarohcp.ca\/wp-content\/uploads\/2023\/11\/Valneva_TH-Logo_FR.png","contentUrl":"https:\/\/ixiarohcp.ca\/wp-content\/uploads\/2023\/11\/Valneva_TH-Logo_FR.png"},{"@type":"BreadcrumbList","@id":"https:\/\/ixiarohcp.ca\/fr\/renseignements-sur-linnocuite\/#breadcrumb","itemListElement":[{"@type":"ListItem","position":1,"name":"Home","item":"https:\/\/ixiarohcp.ca\/fr\/accueil\/"},{"@type":"ListItem","position":2,"name":"Renseignements sur l\u2019innocuit\u00e9"}]},{"@type":"WebSite","@id":"https:\/\/ixiarohcp.ca\/fr\/#website","url":"https:\/\/ixiarohcp.ca\/fr\/","name":"IXIARO JAPANESE ENCEPHALITIS VALNEVA","description":"","publisher":{"@id":"https:\/\/ixiarohcp.ca\/fr\/#organization"},"potentialAction":[{"@type":"SearchAction","target":{"@type":"EntryPoint","urlTemplate":"https:\/\/ixiarohcp.ca\/fr\/?s={search_term_string}"},"query-input":{"@type":"PropertyValueSpecification","valueRequired":true,"valueName":"search_term_string"}}],"inLanguage":"fr-FR"},{"@type":"Organization","@id":"https:\/\/ixiarohcp.ca\/fr\/#organization","name":"IXIARO JAPANESE ENCEPHALITIS VALNEVA","url":"https:\/\/ixiarohcp.ca\/fr\/","logo":{"@type":"ImageObject","inLanguage":"fr-FR","@id":"https:\/\/ixiarohcp.ca\/fr\/#\/schema\/logo\/image\/","url":"https:\/\/ixiarohcp.ca\/wp-content\/uploads\/2023\/10\/logo.png","contentUrl":"https:\/\/ixiarohcp.ca\/wp-content\/uploads\/2023\/10\/logo.png","width":403,"height":121,"caption":"IXIARO JAPANESE ENCEPHALITIS VALNEVA"},"image":{"@id":"https:\/\/ixiarohcp.ca\/fr\/#\/schema\/logo\/image\/"}}]}},"_links":{"self":[{"href":"https:\/\/ixiarohcp.ca\/fr\/wp-json\/wp\/v2\/pages\/1275","targetHints":{"allow":["GET"]}}],"collection":[{"href":"https:\/\/ixiarohcp.ca\/fr\/wp-json\/wp\/v2\/pages"}],"about":[{"href":"https:\/\/ixiarohcp.ca\/fr\/wp-json\/wp\/v2\/types\/page"}],"author":[{"embeddable":true,"href":"https:\/\/ixiarohcp.ca\/fr\/wp-json\/wp\/v2\/users\/1"}],"replies":[{"embeddable":true,"href":"https:\/\/ixiarohcp.ca\/fr\/wp-json\/wp\/v2\/comments?post=1275"}],"version-history":[{"count":31,"href":"https:\/\/ixiarohcp.ca\/fr\/wp-json\/wp\/v2\/pages\/1275\/revisions"}],"predecessor-version":[{"id":2823,"href":"https:\/\/ixiarohcp.ca\/fr\/wp-json\/wp\/v2\/pages\/1275\/revisions\/2823"}],"wp:attachment":[{"href":"https:\/\/ixiarohcp.ca\/fr\/wp-json\/wp\/v2\/media?parent=1275"}],"curies":[{"name":"wp","href":"https:\/\/api.w.org\/{rel}","templated":true}]}}