{"id":1281,"date":"2023-10-23T11:46:40","date_gmt":"2023-10-23T11:46:40","guid":{"rendered":"https:\/\/myclientwebsite.com\/ixiaro\/references\/"},"modified":"2025-11-10T11:36:07","modified_gmt":"2025-11-10T11:36:07","slug":"references","status":"publish","type":"page","link":"https:\/\/ixiarohcp.ca\/fr\/references\/","title":{"rendered":"R\u00e9f\u00e9rences"},"content":{"rendered":"\t\t<div data-elementor-type=\"wp-page\" data-elementor-id=\"1281\" class=\"elementor elementor-1281 elementor-367\">\n\t\t\t\t<div class=\"elementor-element elementor-element-97635cf e-flex e-con-boxed e-con e-parent\" data-id=\"97635cf\" data-element_type=\"container\">\n\t\t\t\t\t<div class=\"e-con-inner\">\n\t\t<div class=\"elementor-element elementor-element-1deb9e8 e-con-full e-flex e-con e-child\" data-id=\"1deb9e8\" data-element_type=\"container\">\n\t\t\t\t<div class=\"elementor-element elementor-element-fcc72aa elementor-widget elementor-widget-heading\" data-id=\"fcc72aa\" data-element_type=\"widget\" data-widget_type=\"heading.default\">\n\t\t\t\t<div class=\"elementor-widget-container\">\n\t\t\t\t\t<h2 class=\"elementor-heading-title elementor-size-default\">R\u00e9f\u00e9rences<\/h2>\t\t\t\t<\/div>\n\t\t\t\t<\/div>\n\t\t\t\t<div class=\"elementor-element elementor-element-aabaa8f elementor-widget elementor-widget-text-editor\" data-id=\"aabaa8f\" data-element_type=\"widget\" data-widget_type=\"text-editor.default\">\n\t\t\t\t<div class=\"elementor-widget-container\">\n\t\t\t\t\t\t\t\t\t<ol class=\"ul\"><li>Monographie d\u2019IXIARO<sup>\u00ae<\/sup>. 2\u00a0mars 2018.<\/li><li>Connor BA, Bunn WB. The changing risk of Japanese encephalitis for business travelers. <em>Workplace Health Saf<\/em><em>.<\/em> 2015;63(12):568.<\/li><li>Hills SL, Griggs AC, Fischer M. Japanese encephalitis in travellers from non-endemic countries, 1973- 2008.\u00a0<em>Am J Trop Med Hyg<\/em>. 2010;82(5):930-936.<\/li><li>Lindquist L <em>et al.<\/em> Recent and historical trends in the epidemiology of Japanese encephalitis and its implication for risk assessment in travellers. <em>J Travel Med.<\/em>2018 ;25(suppl_1):S3-S9.<\/li><li>Organisation mondiale de la Sant\u00e9. Enc\u00e9phalite japonaise. Disponible au\u00a0: <a href=\"http:\/\/www.who.int\/fr\/news-room\/fact-sheets\/detail\/japanese-encephalitis\" target=\"_blank\" rel=\"noopener\">http:\/\/www.who.int\/fr\/news-room\/fact-sheets\/detail\/japanese-encephalitis<\/a>. Consult\u00e9 le 10 juin 2025.<\/li><li>Solomon T, <i>et al. J Neurol Neurosurg Psychiatry<\/i>. 2000;68:405-415.<\/li><li>Victoria State Government. Japanese encephalitis in Victoria this summer. Disponible au : https:\/\/www.health.vic.gov.au\/health-alerts\/japanese-encephalitis-in-victoria-thissummer. Consult\u00e9 le 10 juin 2025.<\/li><li>NSW Health. Second death of person with Japanese encephalitis this year. Disponible au : https:\/\/www.health.nsw.gov.au\/news\/Pages\/20250314_01.aspx. Consult\u00e9 le 27 ao\u00fbt 2025.<\/li><li>Hills, SL &amp; Lindsey, NP. CDC Yellow Book: Japanese Encephalitis v. 2026. Disponible au : https:\/\/www.cdc.gov\/yellow-book\/hcp\/travel-associated-infections-diseases\/japanese-encephalitis.html. Consult\u00e9 le 6 juin 2025.<\/li><li>CCDR. Statement on Protection Against Japanese Encephalitis. 2011;37:ACS-1.<\/li><li>Sakamoto, R <i>et al. Annals of global health<\/i>. 2019;85(1).<\/li><li>Centers for Disease Control and Prevention. Areas at Risk for Japanese Encephalitis. Disponible au : <a href=\"https:\/\/www.cdc.gov\/japanese-encephalitis\/data-maps\/index.html\" target=\"_blank\" rel=\"noopener\">https:\/\/www.cdc.gov\/japanese-encephalitis\/data-maps\/index.html<\/a>. Consult\u00e9 le 25 juillet 2025.<\/li><li>Verma A, <i>et al. New Microbes New Infect<\/i>. 2024;62:101509.<\/li><li>Longbottom J, <i>et al. Parasites &amp; Vectors<\/i>. 2017;10:148.<\/li><li>Murty US, <em>et al<\/em>. The effects of climatic factors on the distribution and abundance of Japanese encephalitis vectors in Kurnool district of Andhra Pradesh, India. <em>J Vector Borne Dis.<\/em> 2010;47(1):26\u201332.<\/li><li>Lindahl JF, <em>et al<\/em>. Circulation of Japanese Encephalitis Virus in Pigs and Mosquito Vectors within Can Tho City, Vietnam. <em>PLoS Negl Trop Dis. <\/em>2013;7(4):e2153.<\/li><li>Centre of disease control and prevention. Japanese encephalitis vaccines: Recommendation of the advisory committee on the immunization practices (ACIP). Disponible au\u00a0: <a href=\"https:\/\/www.cdc.gov\/mmwr\/preview\/mmwrhtml\/rr5901a1.htm\" target=\"_blank\" rel=\"noopener\">https:\/\/www.cdc.gov\/mmwr\/preview\/mmwrhtml\/rr5901a1.htm<\/a>. Consult\u00e9 le 22 ao\u00fbt 2023.<\/li><li>Buhl MR, Lindquist L. Japanese encephalitis in traveling: review of cases and seasonal risk.\u00a0<em>J Travel Med<\/em>. 2009;16(3): 217-219.<\/li><li>Tian H, Bi P, Cazelles B, et al. How environmental conditions impact mosquito ecology and Japanese encephalitis: an eco-epidemiological approach.\u00a0<em>Environ Int.<\/em>2015:79:17-24.<\/li><li>Centers for Disease Control and Prevention. Japanese encephalitis prevention. Mis \u00e0 jour en d\u00e9cembre 2020. Disponible au\u00a0:\u00a0<a href=\"https:\/\/www.cdc.gov\/japaneseencephalitis\/prevention\/index.html\" target=\"_blank\" rel=\"noopener\">https:\/\/www.cdc.gov\/japaneseencephalitis\/prevention\/index.html<\/a>. Consult\u00e9 le 9 juin 2022.<\/li><li>Hills S, <em>et al.<\/em> Japanese Encephalitis Vaccine: Recommendations of the Advisory Committee on Immunization Practices. <em>Recommendations and Reports<\/em> \/ 19\u00a0juillet 2019 \/ 68(2);1\u201333. Disponible au\u00a0: <a href=\"https:\/\/www.cdc.gov\/mmwr\/volumes\/68\/rr\/rr6802a1.htm\" target=\"_blank\" rel=\"noopener\">https:\/\/www.cdc.gov\/mmwr\/volumes\/68\/rr\/rr6802a1.htm<\/a>. Consult\u00e9 le 22 ao\u00fbt 2023.<\/li><li>Sant\u00e9 Canada. Guide canadien d\u2019immunisation\u00a0: Partie 4 \u2013 Agents d\u2019immunisation active. Enc\u00e9phalite japonaise. Disponible au\u00a0: <a href=\"https:\/\/www.canada.ca\/fr\/sante-publique\/services\/publications\/vie-saine\/guide-canadien-immunisation-partie-4-agents-immunisation-active\/page-11-vaccin-contre-encephalite-japonaise.html\" target=\"_blank\" rel=\"noopener\">https:\/\/www.canada.ca\/fr\/sante-publique\/services\/publications\/vie-saine\/guide-canadien-immunisation-partie-4-agents-immunisation-active\/page-11-vaccin-contre-encephalite-japonaise.html<\/a>. Consult\u00e9 le 22\u00a0ao\u00fbt 2023.<\/li><\/ol>\t\t\t\t\t\t\t\t<\/div>\n\t\t\t\t<\/div>\n\t\t\t\t<\/div>\n\t\t\t\t\t<\/div>\n\t\t\t\t<\/div>\n\t\t\t\t<\/div>\n\t\t","protected":false},"excerpt":{"rendered":"<p>R\u00e9f\u00e9rences Monographie d\u2019IXIARO\u00ae. 2\u00a0mars 2018. Connor BA, Bunn WB. The changing risk of Japanese encephalitis for business travelers. Workplace Health Saf. 2015;63(12):568. Hills SL, Griggs AC, Fischer M. Japanese encephalitis in travellers from non-endemic countries, 1973- 2008.\u00a0Am J Trop Med Hyg. 2010;82(5):930-936. Lindquist L et al. Recent and historical trends in the epidemiology of Japanese [&hellip;]<\/p>\n","protected":false},"author":1,"featured_media":0,"parent":0,"menu_order":0,"comment_status":"closed","ping_status":"closed","template":"elementor_header_footer","meta":{"footnotes":""},"class_list":["post-1281","page","type-page","status-publish","hentry"],"yoast_head":"<!-- This site is optimized with the Yoast SEO plugin v26.7 - https:\/\/yoast.com\/wordpress\/plugins\/seo\/ -->\n<title>R\u00e9f\u00e9rences - IXIARO JAPANESE ENCEPHALITIS VALNEVA<\/title>\n<meta name=\"robots\" content=\"index, follow, max-snippet:-1, max-image-preview:large, max-video-preview:-1\" \/>\n<link rel=\"canonical\" href=\"https:\/\/ixiarohcp.ca\/fr\/references\/\" \/>\n<meta property=\"og:locale\" content=\"fr_FR\" \/>\n<meta property=\"og:type\" content=\"article\" \/>\n<meta property=\"og:title\" content=\"R\u00e9f\u00e9rences - IXIARO JAPANESE ENCEPHALITIS VALNEVA\" \/>\n<meta property=\"og:description\" content=\"R\u00e9f\u00e9rences Monographie d\u2019IXIARO\u00ae. 2\u00a0mars 2018. Connor BA, Bunn WB. The changing risk of Japanese encephalitis for business travelers. Workplace Health Saf. 2015;63(12):568. Hills SL, Griggs AC, Fischer M. Japanese encephalitis in travellers from non-endemic countries, 1973- 2008.\u00a0Am J Trop Med Hyg. 2010;82(5):930-936. Lindquist L et al. Recent and historical trends in the epidemiology of Japanese [&hellip;]\" \/>\n<meta property=\"og:url\" content=\"https:\/\/ixiarohcp.ca\/fr\/references\/\" \/>\n<meta property=\"og:site_name\" content=\"IXIARO JAPANESE ENCEPHALITIS VALNEVA\" \/>\n<meta property=\"article:modified_time\" content=\"2025-11-10T11:36:07+00:00\" \/>\n<meta name=\"twitter:card\" content=\"summary_large_image\" \/>\n<meta name=\"twitter:label1\" content=\"Dur\u00e9e de lecture estim\u00e9e\" \/>\n\t<meta name=\"twitter:data1\" content=\"2 minutes\" \/>\n<script type=\"application\/ld+json\" class=\"yoast-schema-graph\">{\"@context\":\"https:\/\/schema.org\",\"@graph\":[{\"@type\":\"WebPage\",\"@id\":\"https:\/\/ixiarohcp.ca\/fr\/references\/\",\"url\":\"https:\/\/ixiarohcp.ca\/fr\/references\/\",\"name\":\"R\u00e9f\u00e9rences - IXIARO JAPANESE ENCEPHALITIS VALNEVA\",\"isPartOf\":{\"@id\":\"https:\/\/ixiarohcp.ca\/fr\/#website\"},\"datePublished\":\"2023-10-23T11:46:40+00:00\",\"dateModified\":\"2025-11-10T11:36:07+00:00\",\"breadcrumb\":{\"@id\":\"https:\/\/ixiarohcp.ca\/fr\/references\/#breadcrumb\"},\"inLanguage\":\"fr-FR\",\"potentialAction\":[{\"@type\":\"ReadAction\",\"target\":[\"https:\/\/ixiarohcp.ca\/fr\/references\/\"]}]},{\"@type\":\"BreadcrumbList\",\"@id\":\"https:\/\/ixiarohcp.ca\/fr\/references\/#breadcrumb\",\"itemListElement\":[{\"@type\":\"ListItem\",\"position\":1,\"name\":\"Home\",\"item\":\"https:\/\/ixiarohcp.ca\/fr\/accueil\/\"},{\"@type\":\"ListItem\",\"position\":2,\"name\":\"R\u00e9f\u00e9rences\"}]},{\"@type\":\"WebSite\",\"@id\":\"https:\/\/ixiarohcp.ca\/fr\/#website\",\"url\":\"https:\/\/ixiarohcp.ca\/fr\/\",\"name\":\"IXIARO JAPANESE ENCEPHALITIS VALNEVA\",\"description\":\"\",\"publisher\":{\"@id\":\"https:\/\/ixiarohcp.ca\/fr\/#organization\"},\"potentialAction\":[{\"@type\":\"SearchAction\",\"target\":{\"@type\":\"EntryPoint\",\"urlTemplate\":\"https:\/\/ixiarohcp.ca\/fr\/?s={search_term_string}\"},\"query-input\":{\"@type\":\"PropertyValueSpecification\",\"valueRequired\":true,\"valueName\":\"search_term_string\"}}],\"inLanguage\":\"fr-FR\"},{\"@type\":\"Organization\",\"@id\":\"https:\/\/ixiarohcp.ca\/fr\/#organization\",\"name\":\"IXIARO JAPANESE ENCEPHALITIS VALNEVA\",\"url\":\"https:\/\/ixiarohcp.ca\/fr\/\",\"logo\":{\"@type\":\"ImageObject\",\"inLanguage\":\"fr-FR\",\"@id\":\"https:\/\/ixiarohcp.ca\/fr\/#\/schema\/logo\/image\/\",\"url\":\"https:\/\/ixiarohcp.ca\/wp-content\/uploads\/2023\/10\/logo.png\",\"contentUrl\":\"https:\/\/ixiarohcp.ca\/wp-content\/uploads\/2023\/10\/logo.png\",\"width\":403,\"height\":121,\"caption\":\"IXIARO JAPANESE ENCEPHALITIS VALNEVA\"},\"image\":{\"@id\":\"https:\/\/ixiarohcp.ca\/fr\/#\/schema\/logo\/image\/\"}}]}<\/script>\n<!-- \/ Yoast SEO plugin. -->","yoast_head_json":{"title":"R\u00e9f\u00e9rences - IXIARO JAPANESE ENCEPHALITIS VALNEVA","robots":{"index":"index","follow":"follow","max-snippet":"max-snippet:-1","max-image-preview":"max-image-preview:large","max-video-preview":"max-video-preview:-1"},"canonical":"https:\/\/ixiarohcp.ca\/fr\/references\/","og_locale":"fr_FR","og_type":"article","og_title":"R\u00e9f\u00e9rences - IXIARO JAPANESE ENCEPHALITIS VALNEVA","og_description":"R\u00e9f\u00e9rences Monographie d\u2019IXIARO\u00ae. 2\u00a0mars 2018. Connor BA, Bunn WB. The changing risk of Japanese encephalitis for business travelers. Workplace Health Saf. 2015;63(12):568. Hills SL, Griggs AC, Fischer M. Japanese encephalitis in travellers from non-endemic countries, 1973- 2008.\u00a0Am J Trop Med Hyg. 2010;82(5):930-936. Lindquist L et al. Recent and historical trends in the epidemiology of Japanese [&hellip;]","og_url":"https:\/\/ixiarohcp.ca\/fr\/references\/","og_site_name":"IXIARO JAPANESE ENCEPHALITIS VALNEVA","article_modified_time":"2025-11-10T11:36:07+00:00","twitter_card":"summary_large_image","twitter_misc":{"Dur\u00e9e de lecture estim\u00e9e":"2 minutes"},"schema":{"@context":"https:\/\/schema.org","@graph":[{"@type":"WebPage","@id":"https:\/\/ixiarohcp.ca\/fr\/references\/","url":"https:\/\/ixiarohcp.ca\/fr\/references\/","name":"R\u00e9f\u00e9rences - IXIARO JAPANESE ENCEPHALITIS VALNEVA","isPartOf":{"@id":"https:\/\/ixiarohcp.ca\/fr\/#website"},"datePublished":"2023-10-23T11:46:40+00:00","dateModified":"2025-11-10T11:36:07+00:00","breadcrumb":{"@id":"https:\/\/ixiarohcp.ca\/fr\/references\/#breadcrumb"},"inLanguage":"fr-FR","potentialAction":[{"@type":"ReadAction","target":["https:\/\/ixiarohcp.ca\/fr\/references\/"]}]},{"@type":"BreadcrumbList","@id":"https:\/\/ixiarohcp.ca\/fr\/references\/#breadcrumb","itemListElement":[{"@type":"ListItem","position":1,"name":"Home","item":"https:\/\/ixiarohcp.ca\/fr\/accueil\/"},{"@type":"ListItem","position":2,"name":"R\u00e9f\u00e9rences"}]},{"@type":"WebSite","@id":"https:\/\/ixiarohcp.ca\/fr\/#website","url":"https:\/\/ixiarohcp.ca\/fr\/","name":"IXIARO JAPANESE ENCEPHALITIS VALNEVA","description":"","publisher":{"@id":"https:\/\/ixiarohcp.ca\/fr\/#organization"},"potentialAction":[{"@type":"SearchAction","target":{"@type":"EntryPoint","urlTemplate":"https:\/\/ixiarohcp.ca\/fr\/?s={search_term_string}"},"query-input":{"@type":"PropertyValueSpecification","valueRequired":true,"valueName":"search_term_string"}}],"inLanguage":"fr-FR"},{"@type":"Organization","@id":"https:\/\/ixiarohcp.ca\/fr\/#organization","name":"IXIARO JAPANESE ENCEPHALITIS VALNEVA","url":"https:\/\/ixiarohcp.ca\/fr\/","logo":{"@type":"ImageObject","inLanguage":"fr-FR","@id":"https:\/\/ixiarohcp.ca\/fr\/#\/schema\/logo\/image\/","url":"https:\/\/ixiarohcp.ca\/wp-content\/uploads\/2023\/10\/logo.png","contentUrl":"https:\/\/ixiarohcp.ca\/wp-content\/uploads\/2023\/10\/logo.png","width":403,"height":121,"caption":"IXIARO JAPANESE ENCEPHALITIS VALNEVA"},"image":{"@id":"https:\/\/ixiarohcp.ca\/fr\/#\/schema\/logo\/image\/"}}]}},"_links":{"self":[{"href":"https:\/\/ixiarohcp.ca\/fr\/wp-json\/wp\/v2\/pages\/1281","targetHints":{"allow":["GET"]}}],"collection":[{"href":"https:\/\/ixiarohcp.ca\/fr\/wp-json\/wp\/v2\/pages"}],"about":[{"href":"https:\/\/ixiarohcp.ca\/fr\/wp-json\/wp\/v2\/types\/page"}],"author":[{"embeddable":true,"href":"https:\/\/ixiarohcp.ca\/fr\/wp-json\/wp\/v2\/users\/1"}],"replies":[{"embeddable":true,"href":"https:\/\/ixiarohcp.ca\/fr\/wp-json\/wp\/v2\/comments?post=1281"}],"version-history":[{"count":23,"href":"https:\/\/ixiarohcp.ca\/fr\/wp-json\/wp\/v2\/pages\/1281\/revisions"}],"predecessor-version":[{"id":2910,"href":"https:\/\/ixiarohcp.ca\/fr\/wp-json\/wp\/v2\/pages\/1281\/revisions\/2910"}],"wp:attachment":[{"href":"https:\/\/ixiarohcp.ca\/fr\/wp-json\/wp\/v2\/media?parent=1281"}],"curies":[{"name":"wp","href":"https:\/\/api.w.org\/{rel}","templated":true}]}}